{"id":16400,"date":"2022-07-12T12:57:56","date_gmt":"2022-07-12T10:57:56","guid":{"rendered":"https:\/\/www.golfclub.ch\/?page_id=16400"},"modified":"2022-09-04T16:16:35","modified_gmt":"2022-09-04T14:16:35","slug":"trackman-range","status":"publish","type":"page","link":"https:\/\/www.golfclub.ch\/en\/anlage\/trackman-range\/","title":{"rendered":"TrackMan Range"},"content":{"rendered":"\n<p>Seit April 2022 verf\u00fcgt die Wylihof Golf AG \u00fcber ein TrackMan Range System auf dem \u00dcbungsgel\u00e4nde.<\/p>\n\n\n\n<p>Mithilfe der <strong><a href=\"https:\/\/www.golfclub.ch\/wp-content\/uploads\/2022\/07\/TrackMan-Range-Leitfaden.pdf\" target=\"_blank\" rel=\"noreferrer noopener\">TrackMan Golf App<\/a><\/strong> k\u00f6nnen s\u00e4mtliche geschlagene B\u00e4lle anhand der TrackMan Daten ausgewertet werden.<br>Neben der Schlaganalyse locken zudem diverse Spiele und es warten aufregende Pl\u00e4tze!<br>Das Smartphone\/Tablet kann w\u00e4hrend dem Training auf eine entsprechende Halterung gelegt werden, welche sich ebenfalls auf der Driving Range befinden.<\/p>\n\n\n\n<p>Sollten die Rasenabschl\u00e4ge aufgrund von schlechtem Wetter geschlossen sein, k\u00f6nnen die 12 \u00fcberdachten Bay-Areas in den \u00fcberdachten Unterst\u00e4nden benutzt werden.<\/p>\n\n\n\n<p>Ab Juli 2022 wird f\u00fcr ausw\u00e4rtige Rangebesucher eine<strong> Tages-Range-Fee von CHF 20.00<\/strong> verrechnet. Alle Informationen hierzu im Sekretariat.<\/p>\n\n\n\n<figure class=\"wp-block-image size-large\"><img loading=\"lazy\" decoding=\"async\" width=\"533\" height=\"400\" src=\"https:\/\/www.golfclub.ch\/wp-content\/uploads\/2022\/07\/TrackMan-Range-System-533x400.jpg\" alt=\"\" class=\"wp-image-16401\" srcset=\"https:\/\/www.golfclub.ch\/wp-content\/uploads\/2022\/07\/TrackMan-Range-System-533x400.jpg 533w, https:\/\/www.golfclub.ch\/wp-content\/uploads\/2022\/07\/TrackMan-Range-System-282x212.jpg 282w, https:\/\/www.golfclub.ch\/wp-content\/uploads\/2022\/07\/TrackMan-Range-System-1536x1152.jpg 1536w, https:\/\/www.golfclub.ch\/wp-content\/uploads\/2022\/07\/TrackMan-Range-System-624x468.jpg 624w, https:\/\/www.golfclub.ch\/wp-content\/uploads\/2022\/07\/TrackMan-Range-System.jpg 1680w\" sizes=\"auto, (max-width: 533px) 100vw, 533px\" \/><figcaption><strong> TrackMan Range System<\/strong><\/figcaption><\/figure>\n","protected":false},"excerpt":{"rendered":"<p>Seit April 2022 verf\u00fcgt die Wylihof Golf AG \u00fcber ein TrackMan Range System auf dem \u00dcbungsgel\u00e4nde. Mithilfe der TrackMan Golf [&hellip;]<\/p>\n","protected":false},"author":2,"featured_media":0,"parent":4,"menu_order":33,"comment_status":"closed","ping_status":"closed","template":"","meta":{"_acf_changed":false,"footnotes":""},"class_list":["post-16400","page","type-page","status-publish","hentry"],"acf":[],"aioseo_notices":[],"_links":{"self":[{"href":"https:\/\/www.golfclub.ch\/en\/wp-json\/wp\/v2\/pages\/16400","targetHints":{"allow":["GET"]}}],"collection":[{"href":"https:\/\/www.golfclub.ch\/en\/wp-json\/wp\/v2\/pages"}],"about":[{"href":"https:\/\/www.golfclub.ch\/en\/wp-json\/wp\/v2\/types\/page"}],"author":[{"embeddable":true,"href":"https:\/\/www.golfclub.ch\/en\/wp-json\/wp\/v2\/users\/2"}],"replies":[{"embeddable":true,"href":"https:\/\/www.golfclub.ch\/en\/wp-json\/wp\/v2\/comments?post=16400"}],"version-history":[{"count":5,"href":"https:\/\/www.golfclub.ch\/en\/wp-json\/wp\/v2\/pages\/16400\/revisions"}],"predecessor-version":[{"id":16667,"href":"https:\/\/www.golfclub.ch\/en\/wp-json\/wp\/v2\/pages\/16400\/revisions\/16667"}],"up":[{"embeddable":true,"href":"https:\/\/www.golfclub.ch\/en\/wp-json\/wp\/v2\/pages\/4"}],"wp:attachment":[{"href":"https:\/\/www.golfclub.ch\/en\/wp-json\/wp\/v2\/media?parent=16400"}],"curies":[{"name":"wp","href":"https:\/\/api.w.org\/{rel}","templated":true}]}}