{"id":13853,"date":"2021-05-04T13:03:24","date_gmt":"2021-05-04T11:03:24","guid":{"rendered":"https:\/\/www.golfclub.ch\/?page_id=13853"},"modified":"2026-04-27T09:13:51","modified_gmt":"2026-04-27T07:13:51","slug":"teams","status":"publish","type":"page","link":"https:\/\/www.golfclub.ch\/en\/club\/teams\/","title":{"rendered":"Teams"},"content":{"rendered":"\n<figure class=\"wp-block-image size-large\"><img loading=\"lazy\" decoding=\"async\" width=\"400\" height=\"400\" src=\"https:\/\/www.golfclub.ch\/wp-content\/uploads\/2024\/04\/17_0-400x400.jpg\" alt=\"\" class=\"wp-image-19824\" srcset=\"https:\/\/www.golfclub.ch\/wp-content\/uploads\/2024\/04\/17_0-400x400.jpg 400w, https:\/\/www.golfclub.ch\/wp-content\/uploads\/2024\/04\/17_0-282x282.jpg 282w, https:\/\/www.golfclub.ch\/wp-content\/uploads\/2024\/04\/17_0-1536x1536.jpg 1536w, https:\/\/www.golfclub.ch\/wp-content\/uploads\/2024\/04\/17_0-624x624.jpg 624w, https:\/\/www.golfclub.ch\/wp-content\/uploads\/2024\/04\/17_0.jpg 1680w\" sizes=\"auto, (max-width: 400px) 100vw, 400px\" \/><figcaption class=\"wp-element-caption\"><strong>Claudio M\u00fcller<\/strong>, <a href=\"mailto:mensday.wylihof@gmail.com\">mensday.wylihof@gmail.com<\/a><\/figcaption><\/figure>\n\n\n\n<p><strong>Mens Day<\/strong><br>Sehnen Sie sich nach einem sportlich kollegialen Freitags-Match und einem gem\u00fctlichen Bierchen nach der Runde? Einmal im Monat treffen sich die M\u00e4nner des Wylihofs zum Nachmittagsturnier. Spass am Spiel und an der Geselligkeit nach der Runde stehen beim Mens Day im Mittelpunkt.<br>Voraussetzung: m\u00e4nnlich, golfhungrig und 21 bis 65 Jahre alt.<\/p>\n\n\n\n<p><\/p>\n\n\n\n<p><\/p>\n\n\n\n<p><\/p>\n\n\n\n<div class=\"wp-block-columns is-layout-flex wp-container-core-columns-is-layout-9d6595d7 wp-block-columns-is-layout-flex\">\n<div class=\"wp-block-column is-layout-flow wp-block-column-is-layout-flow\" style=\"flex-basis:100%\">\n<figure class=\"wp-block-image size-large\"><img loading=\"lazy\" decoding=\"async\" width=\"400\" height=\"400\" src=\"https:\/\/www.golfclub.ch\/wp-content\/uploads\/2024\/04\/16_0-400x400.jpg\" alt=\"\" class=\"wp-image-19827\" srcset=\"https:\/\/www.golfclub.ch\/wp-content\/uploads\/2024\/04\/16_0-400x400.jpg 400w, https:\/\/www.golfclub.ch\/wp-content\/uploads\/2024\/04\/16_0-282x282.jpg 282w, https:\/\/www.golfclub.ch\/wp-content\/uploads\/2024\/04\/16_0-1536x1536.jpg 1536w, https:\/\/www.golfclub.ch\/wp-content\/uploads\/2024\/04\/16_0-624x624.jpg 624w, https:\/\/www.golfclub.ch\/wp-content\/uploads\/2024\/04\/16_0.jpg 1680w\" sizes=\"auto, (max-width: 400px) 100vw, 400px\" \/><figcaption class=\"wp-element-caption\"><strong>Sabine Weyeneth<\/strong><\/figcaption><\/figure>\n<\/div>\n<\/div>\n\n\n\n<p><strong>FroueGolf<\/strong><br>Sehnen Sie sich nach einem sportlich kollegialen Freitags-Match und einem sonnigen Drink nach der Runde? Einmal im Monat treffen sich die Frauen des Wylihofs zum Nachmittagsturnier. Spass am Spiel und an der Geselligkeit nach der Runde stehen beim FroueGolf im Mittelpunkt.<br>Voraussetzung: weiblich, golfhungrig und gesellig.<br><\/p>\n\n\n\n<p><\/p>\n\n\n\n<p><strong>Midgolf<\/strong><br>Das knackig-gem\u00fctliche 9 Loch Turnier mit Kanonenstart am sp\u00e4ten Mittwochnachmittag ist f\u00fcr alle Wylihof Mitglieder ausgeschrieben, denen die Geselligkeit und die sozialen Kontakte genauso wichtig sind, wie das Golfen. In der geselligen Runde auf der Sonnenterrasse im Golfrestaurant, k\u00f6nnen besonders auch Neumitglieder viele interessante Kontakte kn\u00fcpfen und neue Mitglieder kennen lernen.<br>Das Restaurant-Team verw\u00f6hnt die Midgolfer stehts mit speziellen K\u00f6stlichkeiten und auserlesenen Weinen. Geniessen ist angesagt!<\/p>\n\n\n\n<p><strong>Roland Kobel<\/strong>, roland.kobel@outlook.com<\/p>\n\n\n\n<p><br><\/p>\n\n\n\n<p><\/p>\n","protected":false},"excerpt":{"rendered":"<p>Mens DaySehnen Sie sich nach einem sportlich kollegialen Freitags-Match und einem gem\u00fctlichen Bierchen nach der Runde? Einmal im Monat treffen [&hellip;]<\/p>\n","protected":false},"author":2,"featured_media":0,"parent":7,"menu_order":61,"comment_status":"closed","ping_status":"closed","template":"","meta":{"_acf_changed":false,"footnotes":""},"class_list":["post-13853","page","type-page","status-publish","hentry"],"acf":[],"aioseo_notices":[],"_links":{"self":[{"href":"https:\/\/www.golfclub.ch\/en\/wp-json\/wp\/v2\/pages\/13853","targetHints":{"allow":["GET"]}}],"collection":[{"href":"https:\/\/www.golfclub.ch\/en\/wp-json\/wp\/v2\/pages"}],"about":[{"href":"https:\/\/www.golfclub.ch\/en\/wp-json\/wp\/v2\/types\/page"}],"author":[{"embeddable":true,"href":"https:\/\/www.golfclub.ch\/en\/wp-json\/wp\/v2\/users\/2"}],"replies":[{"embeddable":true,"href":"https:\/\/www.golfclub.ch\/en\/wp-json\/wp\/v2\/comments?post=13853"}],"version-history":[{"count":55,"href":"https:\/\/www.golfclub.ch\/en\/wp-json\/wp\/v2\/pages\/13853\/revisions"}],"predecessor-version":[{"id":22809,"href":"https:\/\/www.golfclub.ch\/en\/wp-json\/wp\/v2\/pages\/13853\/revisions\/22809"}],"up":[{"embeddable":true,"href":"https:\/\/www.golfclub.ch\/en\/wp-json\/wp\/v2\/pages\/7"}],"wp:attachment":[{"href":"https:\/\/www.golfclub.ch\/en\/wp-json\/wp\/v2\/media?parent=13853"}],"curies":[{"name":"wp","href":"https:\/\/api.w.org\/{rel}","templated":true}]}}